{"id":88,"date":"2020-11-09T12:32:08","date_gmt":"2020-11-09T12:32:08","guid":{"rendered":"https:\/\/demosites.io\/makeup-gb\/?page_id=6"},"modified":"2021-07-08T21:39:22","modified_gmt":"2021-07-08T21:39:22","slug":"cbca1-home","status":"publish","type":"page","link":"http:\/\/shabaoase.ch\/","title":{"rendered":"Bigis Shaba Oase"},"content":{"rendered":"\n<section class=\"wp-block-themeisle-blocks-advanced-columns alignfull has-1-columns has-desktop-equal-layout has-tablet-equal-layout has-mobile-equal-layout has-nogap-gap has-vertical-center\" id=\"wp-block-themeisle-blocks-advanced-columns-a241f2a5\"><div class=\"wp-block-themeisle-blocks-advanced-columns-overlay\"><\/div><div class=\"innerblocks-wrap\">\n<div class=\"wp-block-themeisle-blocks-advanced-column\" id=\"wp-block-themeisle-blocks-advanced-column-397f5e2e\">\n<h1 id=\"wp-block-themeisle-blocks-advanced-heading-0b085cec\" class=\"wp-block-themeisle-blocks-advanced-heading wp-block-themeisle-blocks-advanced-heading-0b085cec\">Haarentfernung nach Shaba<\/h1>\n\n\n\n<div id=\"wp-block-themeisle-blocks-advanced-heading-8f6ad8b8\" class=\"wp-block-themeisle-blocks-advanced-heading wp-block-themeisle-blocks-advanced-heading-8f6ad8b8\">Bigi Koller | Am Bach 12 | 8573 Alterswilen<\/div>\n\n\n\n<div style=\"height:20px\" aria-hidden=\"true\" class=\"wp-block-spacer\"><\/div>\n\n\n\n<p class=\"has-text-align-center has-nv-light-bg-color has-text-color\">Erfahren Sie mehr \u00fcber die orientalische Art der Haarentfernung \u2013 auf ganz nat\u00fcrliche Weise. Falls Sie Fragen haben oder unsicher sind, d\u00fcrfen Sie mich gerne jederzeit kontaktieren. Es ist mir ein grosses Anliegen, f\u00fcr jede Kundin und jeden Kunden gen\u00fcgend Zeit zu haben. Die Entspannung ist f\u00fcr mich ein wichtiger Bestandteil der Haarentfernung.<\/p>\n\n\n\n<p class=\"has-text-align-center has-nv-light-bg-color has-text-color\">Ich freue mich auf Ihren Besuch.<br>Bigi Koller<\/p>\n\n\n\n<div style=\"height:20px\" aria-hidden=\"true\" class=\"wp-block-spacer\"><\/div>\n\n\n\n<div class=\"wp-block-buttons is-content-justification-center is-layout-flex wp-block-buttons-is-layout-flex\">\n<div class=\"wp-block-button is-style-primary\"><a class=\"wp-block-button__link\" href=\"http:\/\/shabaoase.ch\/kontakt\/\">Kontakt<\/a><\/div>\n<\/div>\n<\/div>\n<\/div><\/section>\n\n\n\n<div class=\"wp-block-themeisle-blocks-advanced-columns alignfull has-1-columns has-desktop-equal-layout has-tablet-equal-layout has-mobile-equal-layout has-default-gap has-vertical-unset\" id=\"wp-block-themeisle-blocks-advanced-columns-386bb1a5\"><div class=\"wp-block-themeisle-blocks-advanced-columns-overlay\"><\/div><div class=\"innerblocks-wrap\">\n<div class=\"wp-block-themeisle-blocks-advanced-column\" id=\"wp-block-themeisle-blocks-advanced-column-28bdf4a1\">\n<div id=\"wp-block-themeisle-blocks-advanced-heading-4d69713d\" class=\"wp-block-themeisle-blocks-advanced-heading wp-block-themeisle-blocks-advanced-heading-4d69713d\">Bigis Shaba Oase<\/div>\n\n\n\n<h2 id=\"wp-block-themeisle-blocks-advanced-heading-ff13831a\" class=\"wp-block-themeisle-blocks-advanced-heading wp-block-themeisle-blocks-advanced-heading-ff13831a\"> Preise<\/h2>\n\n\n\n<p class=\"has-text-align-center\">Bezahlen k\u00f6nnen Sie bar oder mit Twint.<\/p>\n<\/div>\n<\/div><\/div>\n\n\n\n<div class=\"wp-block-themeisle-blocks-advanced-columns alignfull has-4-columns has-desktop-equal-layout has-tablet-equal-layout has-mobile-twoColumnGrid-layout has-default-gap has-vertical-unset\" id=\"wp-block-themeisle-blocks-advanced-columns-728bdbc8\"><div class=\"wp-block-themeisle-blocks-advanced-columns-overlay\"><\/div><div class=\"innerblocks-wrap\">\n<div class=\"wp-block-themeisle-blocks-advanced-column\" id=\"wp-block-themeisle-blocks-advanced-column-ff633cb0\">\n<span id=\"wp-block-themeisle-blocks-advanced-heading-f0e4fc7d\" class=\"wp-block-themeisle-blocks-advanced-heading wp-block-themeisle-blocks-advanced-heading-f0e4fc7d\"><strong>Damen \u2026\u2026\u2026\u2026\u2026\u2026\u2026\u2026\u2026<\/strong><br>Achseln<br>Arme halb<br>Arme ganz<br>Beine halb<br>Beine ganz<br>Bikinirand<br>String &amp; Rio<br>Hals \/ Kinn<br>Wangen \/ Nacken <br>Oberlippe \/ Augenbrauen<br><\/span>\n<\/div>\n\n\n\n<div class=\"wp-block-themeisle-blocks-advanced-column\" id=\"wp-block-themeisle-blocks-advanced-column-42690eaf\">\n<p><strong>     <\/strong><br>CHF 20.\u2013<br>CHF 25.\u2013<br>CHF 50.\u2013<br>CHF 50.\u2013<br>CHF 80.\u2013<br>CHF 25.\u2013<br>CHF 50.\u2013<br>je CHF 20.\u2013<br>je CHF 20.\u2013<br>je CHF 15.\u2013<br><\/p>\n<\/div>\n\n\n\n<div class=\"wp-block-themeisle-blocks-advanced-column\" id=\"wp-block-themeisle-blocks-advanced-column-8f465909\">\n<span id=\"wp-block-themeisle-blocks-advanced-heading-03d5e4ce\" class=\"wp-block-themeisle-blocks-advanced-heading wp-block-themeisle-blocks-advanced-heading-03d5e4ce\"><strong>Kombiangebote \u2026\u2026\u2026\u2026\u2026\u2026\u2026\u2026\u2026<\/strong><br>Achseln und halbe Beine<br>Achseln, halbe Beine und Bikini<br>Achseln und ganze Beine<br>Achseln, ganze Beine und Bikini<br><\/span>\n<\/div>\n\n\n\n<div class=\"wp-block-themeisle-blocks-advanced-column\" id=\"wp-block-themeisle-blocks-advanced-column-d33e14f6\">\n<p><br>CHF 65.\u2013 (statt 70.\u2013)<br>CHF 85.\u2013 (statt 95.\u2013)<br>CHF 90.\u2013 (statt 100.\u2013)<br>CHF 115.\u2013 (statt 125.\u2013)<br><\/p>\n<\/div>\n<\/div><\/div>\n\n\n\n<div class=\"wp-block-themeisle-blocks-advanced-columns alignfull has-4-columns has-desktop-equal-layout has-tablet-equal-layout has-mobile-twoColumnGrid-layout has-default-gap has-vertical-unset\" id=\"wp-block-themeisle-blocks-advanced-columns-61791c70\"><div class=\"wp-block-themeisle-blocks-advanced-columns-overlay\"><\/div><div class=\"innerblocks-wrap\">\n<div class=\"wp-block-themeisle-blocks-advanced-column\" id=\"wp-block-themeisle-blocks-advanced-column-4616d513\">\n<span id=\"wp-block-themeisle-blocks-advanced-heading-de6d3340\" class=\"wp-block-themeisle-blocks-advanced-heading wp-block-themeisle-blocks-advanced-heading-de6d3340\"><strong>Herren \u2026\u2026\u2026\u2026\u2026\u2026\u2026\u2026\u2026<\/strong><br>Achseln<br>Beine Ganz (nach Aufwand)<br>R\u00fccken, Brust (nach Aufwand)<br><br><\/span>\n<\/div>\n\n\n\n<div class=\"wp-block-themeisle-blocks-advanced-column\" id=\"wp-block-themeisle-blocks-advanced-column-0d2e4e2c\">\n<p><strong>     <\/strong><br>CHF 25.\u2013<br>ab CHF 100.\u2013 bis 180.\u2013<br><\/p>\n<\/div>\n\n\n\n<div class=\"wp-block-themeisle-blocks-advanced-column\" id=\"wp-block-themeisle-blocks-advanced-column-e2308fe2\">\n<span id=\"wp-block-themeisle-blocks-advanced-heading-882e61cd\" class=\"wp-block-themeisle-blocks-advanced-heading wp-block-themeisle-blocks-advanced-heading-882e61cd\"><\/span>\n<\/div>\n\n\n\n<div class=\"wp-block-themeisle-blocks-advanced-column\" id=\"wp-block-themeisle-blocks-advanced-column-4e7a1680\">\n<p><br><\/p>\n<\/div>\n<\/div><\/div>\n\n\n\n<div class=\"wp-block-themeisle-blocks-advanced-columns alignfull has-1-columns has-desktop-equal-layout has-tablet-equal-layout has-mobile-equal-layout has-default-gap has-vertical-unset\" id=\"wp-block-themeisle-blocks-advanced-columns-b46f7e5f\"><div class=\"wp-block-themeisle-blocks-advanced-columns-overlay\"><\/div><div class=\"innerblocks-wrap\">\n<div class=\"wp-block-themeisle-blocks-advanced-column\" id=\"wp-block-themeisle-blocks-advanced-column-10d36a2c\">\n<div class=\"wp-block-buttons is-content-justification-center is-layout-flex wp-block-buttons-is-layout-flex\"><\/div>\n<\/div>\n<\/div><\/div>\n\n\n\n<section class=\"wp-block-themeisle-blocks-advanced-columns alignfull has-1-columns has-desktop-equal-layout has-tablet-equal-layout has-mobile-equal-layout has-nogap-gap has-vertical-flex-start\" id=\"wp-block-themeisle-blocks-advanced-columns-3e7c14fa\"><div class=\"wp-block-themeisle-blocks-advanced-columns-overlay\"><\/div><div class=\"innerblocks-wrap\">\n<div class=\"wp-block-themeisle-blocks-advanced-column\" id=\"wp-block-themeisle-blocks-advanced-column-1adefb8e\">\n<section class=\"wp-block-themeisle-blocks-advanced-columns has-1-columns has-desktop-equal-layout has-tablet-equal-layout has-mobile-equal-layout has-nogap-gap has-vertical-flex-start\" id=\"wp-block-themeisle-blocks-advanced-columns-5bd8c757\"><div class=\"wp-block-themeisle-blocks-advanced-columns-overlay\"><\/div><div class=\"innerblocks-wrap\">\n<div class=\"wp-block-themeisle-blocks-advanced-column\" id=\"wp-block-themeisle-blocks-advanced-column-9d02bd8d\">\n<div id=\"wp-block-themeisle-blocks-advanced-heading-4cf6e3db\" class=\"wp-block-themeisle-blocks-advanced-heading wp-block-themeisle-blocks-advanced-heading-4cf6e3db\">Bigis Shaba Oase<\/div>\n\n\n\n<h2 class=\"has-text-align-center has-white-color has-text-color wp-block-heading\">Impressionen<\/h2>\n<\/div>\n<\/div><\/section>\n<\/div>\n<\/div><\/section>\n","protected":false},"excerpt":{"rendered":"","protected":false},"author":1,"featured_media":0,"parent":0,"menu_order":0,"comment_status":"closed","ping_status":"closed","template":"page-templates\/template-pagebuilder-full-width.php","meta":{"neve_meta_sidebar":"full-width","neve_meta_container":"","neve_meta_enable_content_width":"on","neve_meta_content_width":100,"neve_meta_title_alignment":"","neve_meta_author_avatar":"","neve_post_elements_order":"","neve_meta_disable_header":"","neve_meta_disable_footer":"","neve_meta_disable_title":"","_ti_tpc_template_sync":false,"_ti_tpc_template_id":"g2pau2lifl24f1ywkmkb","spay_email":"","footnotes":""},"class_list":["post-88","page","type-page","status-publish","hentry"],"_links":{"self":[{"href":"http:\/\/shabaoase.ch\/index.php\/wp-json\/wp\/v2\/pages\/88","targetHints":{"allow":["GET"]}}],"collection":[{"href":"http:\/\/shabaoase.ch\/index.php\/wp-json\/wp\/v2\/pages"}],"about":[{"href":"http:\/\/shabaoase.ch\/index.php\/wp-json\/wp\/v2\/types\/page"}],"author":[{"embeddable":true,"href":"http:\/\/shabaoase.ch\/index.php\/wp-json\/wp\/v2\/users\/1"}],"replies":[{"embeddable":true,"href":"http:\/\/shabaoase.ch\/index.php\/wp-json\/wp\/v2\/comments?post=88"}],"version-history":[{"count":8,"href":"http:\/\/shabaoase.ch\/index.php\/wp-json\/wp\/v2\/pages\/88\/revisions"}],"predecessor-version":[{"id":139,"href":"http:\/\/shabaoase.ch\/index.php\/wp-json\/wp\/v2\/pages\/88\/revisions\/139"}],"wp:attachment":[{"href":"http:\/\/shabaoase.ch\/index.php\/wp-json\/wp\/v2\/media?parent=88"}],"curies":[{"name":"wp","href":"https:\/\/api.w.org\/{rel}","templated":true}]}}